{"id":1839,"date":"2022-12-13T10:19:38","date_gmt":"2022-12-13T15:19:38","guid":{"rendered":"https:\/\/apnotaire.com\/atfinance\/?page_id=1839"},"modified":"2022-12-23T15:11:20","modified_gmt":"2022-12-23T20:11:20","slug":"comment-bien-planifier-sa-retraite","status":"publish","type":"page","link":"https:\/\/www.atfinance.ca\/fr\/services-strategie-financiere\/comment-bien-planifier-sa-retraite\/","title":{"rendered":"Comment bien planifier sa retraite"},"content":{"rendered":"<p><div class=\"fusion-fullwidth fullwidth-box fusion-builder-row-1 fusion-flex-container has-pattern-background has-mask-background nonhundred-percent-fullwidth non-hundred-percent-height-scrolling\" style=\"--awb-border-sizes-bottom:2px;--awb-border-color:var(--awb-color2);--awb-border-radius-top-left:0px;--awb-border-radius-top-right:0px;--awb-border-radius-bottom-right:0px;--awb-border-radius-bottom-left:0px;--awb-padding-top:80px;--awb-padding-bottom:80px;--awb-padding-top-medium:48px;--awb-padding-bottom-medium:48px;--awb-padding-top-small:0px;--awb-padding-bottom-small:20px;--awb-flex-wrap:wrap;\" ><div class=\"fusion-builder-row fusion-row fusion-flex-align-items-flex-start fusion-flex-justify-content-center fusion-flex-content-wrap\" style=\"max-width:1248px;margin-left: calc(-4% \/ 2 );margin-right: calc(-4% \/ 2 );\"><div class=\"fusion-layout-column fusion_builder_column fusion-builder-column-0 fusion_builder_column_3_5 3_5 fusion-flex-column\" style=\"--awb-bg-size:cover;--awb-width-large:60%;--awb-margin-top-large:0px;--awb-spacing-right-large:3.2%;--awb-margin-bottom-large:120px;--awb-spacing-left-large:3.2%;--awb-width-medium:75%;--awb-order-medium:0;--awb-spacing-right-medium:2.56%;--awb-margin-bottom-medium:30px;--awb-spacing-left-medium:2.56%;--awb-width-small:100%;--awb-order-small:0;--awb-spacing-right-small:1.92%;--awb-spacing-left-small:1.92%;\"><div class=\"fusion-column-wrapper fusion-column-has-shadow fusion-flex-justify-content-flex-start fusion-content-layout-column\"><div class=\"fusion-title title fusion-title-1 fusion-sep-none fusion-title-center fusion-title-text fusion-title-size-two\"><h2 class=\"fusion-title-heading title-heading-center\" style=\"margin:0;text-transform:none;\">Nous vous aidons \u00e0 planifier vos r\u00eaves<\/h2><\/div><\/div><\/div><div class=\"fusion-layout-column fusion_builder_column fusion-builder-column-1 fusion_builder_column_1_2 1_2 fusion-flex-column\" style=\"--awb-bg-size:cover;--awb-width-large:50%;--awb-margin-top-large:0px;--awb-spacing-right-large:9.6%;--awb-margin-bottom-large:0px;--awb-spacing-left-large:3.84%;--awb-width-medium:50%;--awb-order-medium:0;--awb-spacing-right-medium:7.68%;--awb-spacing-left-medium:7.68%;--awb-width-small:100%;--awb-order-small:0;--awb-spacing-right-small:1.92%;--awb-margin-bottom-small:0px;--awb-spacing-left-small:1.92%;\"><div class=\"fusion-column-wrapper fusion-column-has-shadow fusion-flex-justify-content-flex-start fusion-content-layout-column\"><div class=\"fusion-content-boxes content-boxes columns row fusion-columns-1 fusion-columns-total-3 fusion-content-boxes-1 content-boxes-icon-on-side content-left services_box fusion-delayed-animation\" style=\"--awb-body-color:var(--awb-color7);--awb-title-color:var(--awb-color5);--awb-iconcolor:var(--awb-color4);--awb-margin-top:0px;--awb-margin-bottom:0px;--awb-hover-accent-color:var(--awb-color5);--awb-circle-hover-accent-color:transparent;--awb-item-margin-bottom:40px;\" data-animation-delay=\"500\" data-animationOffset=\"top-into-view\"><div style=\"--awb-backgroundcolor:rgba(255,255,255,0);--awb-iconcolor:var(--awb-color4);--awb-content-padding-left:62px;\" class=\"fusion-column content-box-column content-box-column content-box-column-1 col-lg-12 col-md-12 col-sm-12 fusion-content-box-hover content-box-column-last-in-row\"><div class=\"col content-box-wrapper content-wrapper link-area-link-icon content-icon-wrapper-yes icon-hover-animation-fade\" data-animationOffset=\"top-into-view\"><div class=\"heading heading-with-icon icon-left\"><div aria-hidden=\"true\" class=\"image\"><img decoding=\"async\" src=\"https:\/\/atfinance.ca\/wp-content\/uploads\/2022\/12\/analyse-icon.png\" width=\"42\" height=\"42\" alt=\"\" title=\"\"><\/div><h3 class=\"content-box-heading fusion-responsive-typography-calculated\" style=\"--h3_typography-font-size:27px;--fontSize:27;line-height:var(--awb-typography1-line-height);padding-left:62px;\">Analyse de vos objectifs<\/h3><\/div><div class=\"fusion-clearfix\"><\/div><div class=\"content-container\">\n<p>\u00c9tablissez le montant \u00e0 \u00e9pargner mensuellement pour maintenir votre niveau de vie \u00e0 la retraite et les strat\u00e9gies pour y arriver.<\/p>\n<\/div><\/div><\/div><div style=\"--awb-backgroundcolor:rgba(255,255,255,0);--awb-iconcolor:var(--awb-color4);--awb-content-padding-left:70px;\" class=\"fusion-column content-box-column content-box-column content-box-column-2 col-lg-12 col-md-12 col-sm-12 fusion-content-box-hover content-box-column-last-in-row\"><div class=\"col content-box-wrapper content-wrapper link-area-link-icon content-icon-wrapper-yes icon-hover-animation-fade\" data-animationOffset=\"top-into-view\"><div class=\"heading heading-with-icon icon-left\"><div aria-hidden=\"true\" class=\"image\"><img decoding=\"async\" src=\"https:\/\/atfinance.ca\/wp-content\/uploads\/2022\/12\/strategie-icon.png\" width=\"50\" height=\"48.5\" alt=\"\" title=\"\"><\/div><h3 class=\"content-box-heading fusion-responsive-typography-calculated\" style=\"--h3_typography-font-size:27px;--fontSize:27;line-height:var(--awb-typography1-line-height);padding-left:70px;\">Strat\u00e9gies de d\u00e9caissement<\/h3><\/div><div class=\"fusion-clearfix\"><\/div><div class=\"content-container\">\n<p>Planifiez l\u2019ordre de d\u00e9caissement de vos actifs et les montants \u00e0 d\u00e9caisser pour r\u00e9duire les impacts fiscaux.<\/p>\n<\/div><\/div><\/div><div style=\"--awb-backgroundcolor:rgba(255,255,255,0);--awb-iconcolor:var(--awb-color4);--awb-content-padding-left:65px;\" class=\"fusion-column content-box-column content-box-column content-box-column-3 col-lg-12 col-md-12 col-sm-12 fusion-content-box-hover content-box-column-last content-box-column-last-in-row\"><div class=\"col content-box-wrapper content-wrapper link-area-link-icon content-icon-wrapper-yes icon-hover-animation-fade\" data-animationOffset=\"top-into-view\"><div class=\"heading heading-with-icon icon-left\"><div aria-hidden=\"true\" class=\"image\"><img decoding=\"async\" src=\"https:\/\/atfinance.ca\/wp-content\/uploads\/2022\/12\/gouverrnement-icon.png\" width=\"45\" height=\"46.8\" alt=\"\" title=\"\"><\/div><h3 class=\"content-box-heading fusion-responsive-typography-calculated\" style=\"--h3_typography-font-size:27px;--fontSize:27;line-height:var(--awb-typography1-line-height);padding-left:65px;\">Programmes gouvernementaux<\/h3><\/div><div class=\"fusion-clearfix\"><\/div><div class=\"content-container\">\n<p>Sachez comment tirer parti du R\u00e9gime des rentes du Qu\u00e9bec et de la pension de la S\u00e9curit\u00e9 de la vieillesse du Canada pour bien planifier sa retraite.<\/p>\n<\/div><\/div><\/div><div class=\"fusion-clearfix\"><\/div><\/div><\/div><\/div><div class=\"fusion-layout-column fusion_builder_column fusion-builder-column-2 fusion_builder_column_1_2 1_2 fusion-flex-column\" style=\"--awb-bg-size:cover;--awb-width-large:50%;--awb-margin-top-large:0px;--awb-spacing-right-large:3.84%;--awb-margin-bottom-large:0px;--awb-spacing-left-large:9.6%;--awb-width-medium:50%;--awb-order-medium:0;--awb-spacing-right-medium:7.68%;--awb-spacing-left-medium:7.68%;--awb-width-small:100%;--awb-order-small:0;--awb-spacing-right-small:1.92%;--awb-margin-bottom-small:0px;--awb-spacing-left-small:1.92%;\"><div class=\"fusion-column-wrapper fusion-column-has-shadow fusion-flex-justify-content-flex-start fusion-content-layout-column\"><div class=\"fusion-content-boxes content-boxes columns row fusion-columns-1 fusion-columns-total-3 fusion-content-boxes-2 content-boxes-icon-on-side content-left services_box fusion-delayed-animation\" style=\"--awb-body-color:var(--awb-color7);--awb-title-color:var(--awb-color5);--awb-iconcolor:var(--awb-color4);--awb-margin-top:0px;--awb-margin-bottom:0px;--awb-hover-accent-color:var(--awb-color5);--awb-circle-hover-accent-color:transparent;--awb-item-margin-bottom:40px;\" data-animation-delay=\"500\" data-animationOffset=\"top-into-view\"><div style=\"--awb-backgroundcolor:rgba(255,255,255,0);--awb-iconcolor:var(--awb-color4);--awb-content-padding-left:65px;\" class=\"fusion-column content-box-column content-box-column content-box-column-1 col-lg-12 col-md-12 col-sm-12 fusion-content-box-hover content-box-column-last-in-row\"><div class=\"col content-box-wrapper content-wrapper link-area-link-icon content-icon-wrapper-yes icon-hover-animation-fade\" data-animationOffset=\"top-into-view\"><div class=\"heading heading-with-icon icon-left\"><div aria-hidden=\"true\" class=\"image\"><img decoding=\"async\" src=\"https:\/\/atfinance.ca\/wp-content\/uploads\/2022\/12\/epargne-icon.png\" width=\"45\" height=\"54.45\" alt=\"\" title=\"\"><\/div><h3 class=\"content-box-heading fusion-responsive-typography-calculated\" style=\"--h3_typography-font-size:27px;--fontSize:27;line-height:var(--awb-typography1-line-height);padding-left:65px;\">S\u00e9lection des v\u00e9hicules d\u2019\u00e9pargne<\/h3><\/div><div class=\"fusion-clearfix\"><\/div><div class=\"content-container\">\n<p>Obtenez un plan personnalis\u00e9 mettant \u00e0 profit les outils les mieux adapt\u00e9s pour vous, comme le CELI, le REER ou certains placements non enregistr\u00e9s.<\/p>\n<\/div><\/div><\/div><div style=\"--awb-backgroundcolor:rgba(255,255,255,0);--awb-iconcolor:var(--awb-color4);--awb-content-padding-left:60px;\" class=\"fusion-column content-box-column content-box-column content-box-column-2 col-lg-12 col-md-12 col-sm-12 fusion-content-box-hover content-box-column-last-in-row\"><div class=\"col content-box-wrapper content-wrapper link-area-link-icon content-icon-wrapper-yes icon-hover-animation-fade\" data-animationOffset=\"top-into-view\"><div class=\"heading heading-with-icon icon-left\"><div aria-hidden=\"true\" class=\"image\"><img decoding=\"async\" src=\"https:\/\/atfinance.ca\/wp-content\/uploads\/2022\/12\/gestion-patrimoine-icon.png\" width=\"40\" height=\"38.79\" alt=\"\" title=\"\"><\/div><h3 class=\"content-box-heading fusion-responsive-typography-calculated\" style=\"--h3_typography-font-size:27px;--fontSize:27;line-height:var(--awb-typography1-line-height);padding-left:60px;\">Optimisation du REER<\/h3><\/div><div class=\"fusion-clearfix\"><\/div><div class=\"content-container\">\n<p>Profitez au maximum des avantages fiscaux du REER gr\u00e2ce \u00e0 diff\u00e9rentes solutions bien pens\u00e9es, comme le pr\u00eat REER.<\/p>\n<\/div><\/div><\/div><div style=\"--awb-backgroundcolor:rgba(255,255,255,0);--awb-iconcolor:var(--awb-color4);--awb-content-padding-left:60px;\" class=\"fusion-column content-box-column content-box-column content-box-column-3 col-lg-12 col-md-12 col-sm-12 fusion-content-box-hover content-box-column-last content-box-column-last-in-row\"><div class=\"col content-box-wrapper content-wrapper link-area-link-icon content-icon-wrapper-yes icon-hover-animation-fade\" data-animationOffset=\"top-into-view\"><div class=\"heading heading-with-icon icon-left\"><div aria-hidden=\"true\" class=\"image\"><img decoding=\"async\" src=\"https:\/\/atfinance.ca\/wp-content\/uploads\/2022\/12\/projection-icon.png\" width=\"40\" height=\"42.4\" alt=\"\" title=\"\"><\/div><h3 class=\"content-box-heading fusion-responsive-typography-calculated\" style=\"--h3_typography-font-size:27px;--fontSize:27;line-height:var(--awb-typography1-line-height);padding-left:60px;\">Projections<\/h3><\/div><div class=\"fusion-clearfix\"><\/div><div class=\"content-container\">\n<p>D\u00e9terminez si votre strat\u00e9gie d\u2019\u00e9pargne-retraite actuelle donne les r\u00e9sultats escompt\u00e9s et obtenez des conseils pour l\u2019ajuster au besoin.<\/p>\n<\/div><\/div><\/div><div class=\"fusion-clearfix\"><\/div><\/div><\/div><\/div><\/div><\/div><div class=\"fusion-fullwidth fullwidth-box fusion-builder-row-2 fusion-flex-container has-pattern-background has-mask-background nonhundred-percent-fullwidth non-hundred-percent-height-scrolling\" style=\"--awb-border-radius-top-left:0px;--awb-border-radius-top-right:0px;--awb-border-radius-bottom-right:0px;--awb-border-radius-bottom-left:0px;--awb-padding-top:120px;--awb-padding-bottom:0px;--awb-padding-top-small:50px;--awb-margin-top:0px;--awb-background-color:var(--awb-color2);--awb-flex-wrap:wrap;\" ><div class=\"fusion-builder-row fusion-row fusion-flex-align-items-flex-start fusion-flex-content-wrap\" style=\"max-width:1248px;margin-left: calc(-4% \/ 2 );margin-right: calc(-4% \/ 2 );\"><div class=\"fusion-layout-column fusion_builder_column fusion-builder-column-3 fusion_builder_column_1_1 1_1 fusion-flex-column\" style=\"--awb-padding-bottom:0px;--awb-bg-size:cover;--awb-width-large:100%;--awb-margin-top-large:0px;--awb-spacing-right-large:1.92%;--awb-margin-bottom-large:0px;--awb-spacing-left-large:1.92%;--awb-width-medium:100%;--awb-order-medium:0;--awb-spacing-right-medium:1.92%;--awb-spacing-left-medium:1.92%;--awb-width-small:100%;--awb-order-small:0;--awb-spacing-right-small:1.92%;--awb-spacing-left-small:1.92%;\"><div class=\"fusion-column-wrapper fusion-column-has-shadow fusion-flex-justify-content-flex-start fusion-content-layout-column\"><div class=\"fusion-title title fusion-title-2 fusion-sep-none fusion-title-center fusion-title-text fusion-title-size-two\"><h2 class=\"fusion-title-heading title-heading-center\" style=\"margin:0;\">Approche adapt\u00e9e \u00e0 votre profil financier<\/h2><\/div><\/div><\/div><\/div><\/div><div class=\"fusion-fullwidth fullwidth-box fusion-builder-row-3 fusion-flex-container has-pattern-background has-mask-background nonhundred-percent-fullwidth non-hundred-percent-height-scrolling\" style=\"--awb-border-radius-top-left:0px;--awb-border-radius-top-right:0px;--awb-border-radius-bottom-right:0px;--awb-border-radius-bottom-left:0px;--awb-padding-top:100px;--awb-padding-bottom:240px;--awb-padding-top-small:50px;--awb-padding-bottom-small:100px;--awb-margin-top:0px;--awb-background-color:var(--awb-color2);--awb-flex-wrap:wrap;\" ><div class=\"fusion-builder-row fusion-row fusion-flex-align-items-stretch fusion-flex-content-wrap\" style=\"max-width:1248px;margin-left: calc(-4% \/ 2 );margin-right: calc(-4% \/ 2 );\"><div class=\"fusion-layout-column fusion_builder_column fusion-builder-column-4 fusion_builder_column_1_2 1_2 fusion-flex-column\" style=\"--awb-padding-top:40px;--awb-padding-right:50px;--awb-padding-bottom:40px;--awb-padding-left:50px;--awb-bg-color:var(--awb-color1);--awb-bg-color-hover:var(--awb-color1);--awb-bg-size:cover;--awb-width-large:50%;--awb-margin-top-large:0px;--awb-spacing-right-large:3.84%;--awb-margin-bottom-large:20px;--awb-spacing-left-large:3.84%;--awb-width-medium:50%;--awb-order-medium:0;--awb-spacing-right-medium:3.84%;--awb-spacing-left-medium:3.84%;--awb-width-small:100%;--awb-order-small:0;--awb-spacing-right-small:1.92%;--awb-spacing-left-small:1.92%;\"><div class=\"fusion-column-wrapper fusion-column-has-shadow fusion-flex-justify-content-flex-start fusion-content-layout-column\"><div class=\"fusion-title title fusion-title-3 fusion-sep-none fusion-title-center fusion-title-text fusion-title-size-three\" style=\"--awb-text-color:var(--awb-color5);--awb-margin-top:0px;--awb-margin-bottom:0px;--awb-font-size:33px;\"><h3 class=\"fusion-title-heading title-heading-center\" style=\"font-family:&quot;Source Sans Pro&quot;;font-style:normal;font-weight:600;margin:0;font-size:1em;text-transform:uppercase;\">Cas n<sup>o<\/sup> 1 :<\/h3><\/div><div class=\"fusion-title title fusion-title-4 fusion-sep-none fusion-title-center fusion-title-text fusion-title-size-four\" style=\"--awb-text-color:var(--awb-color6);--awb-margin-bottom:0px;--awb-font-size:21px;\"><h4 class=\"fusion-title-heading title-heading-center\" style=\"font-family:&quot;Source Sans Pro&quot;;font-style:normal;font-weight:600;margin:0;font-size:1em;\"><p>Comment optimiser mes actifs pour<br \/>\nplanifier ma retraite le mieux possible?<\/p><\/h4><\/div><div class=\"fusion-separator fusion-full-width-sep\" style=\"align-self: center;margin-left: auto;margin-right: auto;margin-top:30px;margin-bottom:30px;width:100%;max-width:100%;\"><div class=\"fusion-separator-border sep-single sep-solid\" style=\"--awb-height:20px;--awb-amount:20px;--awb-sep-color:#a2badb;border-color:#a2badb;border-top-width:1px;\"><\/div><\/div><div class=\"fusion-text fusion-text-1 fusion-text-no-margin\"><p>Si vous avez assez d\u2019argent dans vos REER ou votre fonds de pension et que votre strat\u00e9gie de retraite est sur la bonne voie, il existe tout de m\u00eame des moyens pour optimiser vos actifs. Nous \u00e9tablirons des strat\u00e9gies pour tirer le meilleur de vos v\u00e9hicules d\u2019\u00e9pargne, puis d\u00e9caisser vos fonds de fa\u00e7on r\u00e9fl\u00e9chie.<\/p>\n<\/div><\/div><\/div><div class=\"fusion-layout-column fusion_builder_column fusion-builder-column-5 fusion_builder_column_1_2 1_2 fusion-flex-column\" style=\"--awb-padding-top:40px;--awb-padding-right:50px;--awb-padding-bottom:40px;--awb-padding-left:50px;--awb-bg-color:var(--awb-color1);--awb-bg-color-hover:var(--awb-color1);--awb-bg-size:cover;--awb-width-large:50%;--awb-margin-top-large:0px;--awb-spacing-right-large:3.84%;--awb-margin-bottom-large:20px;--awb-spacing-left-large:3.84%;--awb-width-medium:50%;--awb-order-medium:0;--awb-spacing-right-medium:3.84%;--awb-spacing-left-medium:3.84%;--awb-width-small:100%;--awb-order-small:0;--awb-spacing-right-small:1.92%;--awb-spacing-left-small:1.92%;\"><div class=\"fusion-column-wrapper fusion-column-has-shadow fusion-flex-justify-content-flex-start fusion-content-layout-column\"><div class=\"fusion-title title fusion-title-5 fusion-sep-none fusion-title-center fusion-title-text fusion-title-size-three\" style=\"--awb-text-color:var(--awb-color5);--awb-margin-top:0px;--awb-margin-bottom:0px;--awb-font-size:33px;\"><h3 class=\"fusion-title-heading title-heading-center\" style=\"font-family:&quot;Source Sans Pro&quot;;font-style:normal;font-weight:600;margin:0;font-size:1em;text-transform:uppercase;\">Cas n<sup>o<\/sup> 2 :<\/h3><\/div><div class=\"fusion-title title fusion-title-6 fusion-sep-none fusion-title-center fusion-title-text fusion-title-size-four\" style=\"--awb-text-color:var(--awb-color6);--awb-margin-bottom:0px;--awb-font-size:21px;\"><h4 class=\"fusion-title-heading title-heading-center\" style=\"font-family:&quot;Source Sans Pro&quot;;font-style:normal;font-weight:600;margin:0;font-size:1em;\"><p>Aurai-je assez d\u2019argent<br \/>\npour ma retraite?<\/p><\/h4><\/div><div class=\"fusion-separator fusion-full-width-sep\" style=\"align-self: center;margin-left: auto;margin-right: auto;margin-top:30px;margin-bottom:30px;width:100%;max-width:100%;\"><div class=\"fusion-separator-border sep-single sep-solid\" style=\"--awb-height:20px;--awb-amount:20px;--awb-sep-color:#a2badb;border-color:#a2badb;border-top-width:1px;\"><\/div><\/div><div class=\"fusion-text fusion-text-2 fusion-text-no-margin\"><p>Si vous craignez de ne pas avoir suffisamment d\u2019\u00e9pargne pour maintenir votre niveau de vie \u00e0 la retraite, il n\u2019est jamais trop tard pour corriger le tir. Nous examinerons d\u2019abord votre plan actuel pour d\u00e9terminer si vous aurez effectivement assez d\u2019argent. Nous reverrons ensuite vos objectifs, comme l\u2019\u00e2ge auquel vous souhaitez arr\u00eater de travailler et votre revenu disponible pour l\u2019\u00e9pargne, pour nous assurer d\u2019atteindre les r\u00e9sultats escompt\u00e9s.<\/p>\n<\/div><\/div><\/div><\/div><\/div><\/p>\n","protected":false},"excerpt":{"rendered":"","protected":false},"author":3,"featured_media":2588,"parent":1829,"menu_order":0,"comment_status":"closed","ping_status":"closed","template":"100-width.php","meta":{"footnotes":""},"class_list":["post-1839","page","type-page","status-publish","has-post-thumbnail","hentry"],"_links":{"self":[{"href":"https:\/\/www.atfinance.ca\/fr\/wp-json\/wp\/v2\/pages\/1839","targetHints":{"allow":["GET"]}}],"collection":[{"href":"https:\/\/www.atfinance.ca\/fr\/wp-json\/wp\/v2\/pages"}],"about":[{"href":"https:\/\/www.atfinance.ca\/fr\/wp-json\/wp\/v2\/types\/page"}],"author":[{"embeddable":true,"href":"https:\/\/www.atfinance.ca\/fr\/wp-json\/wp\/v2\/users\/3"}],"replies":[{"embeddable":true,"href":"https:\/\/www.atfinance.ca\/fr\/wp-json\/wp\/v2\/comments?post=1839"}],"version-history":[{"count":4,"href":"https:\/\/www.atfinance.ca\/fr\/wp-json\/wp\/v2\/pages\/1839\/revisions"}],"predecessor-version":[{"id":2624,"href":"https:\/\/www.atfinance.ca\/fr\/wp-json\/wp\/v2\/pages\/1839\/revisions\/2624"}],"up":[{"embeddable":true,"href":"https:\/\/www.atfinance.ca\/fr\/wp-json\/wp\/v2\/pages\/1829"}],"wp:featuredmedia":[{"embeddable":true,"href":"https:\/\/www.atfinance.ca\/fr\/wp-json\/wp\/v2\/media\/2588"}],"wp:attachment":[{"href":"https:\/\/www.atfinance.ca\/fr\/wp-json\/wp\/v2\/media?parent=1839"}],"curies":[{"name":"wp","href":"https:\/\/api.w.org\/{rel}","templated":true}]}}