{"id":1831,"date":"2022-12-13T10:18:58","date_gmt":"2022-12-13T15:18:58","guid":{"rendered":"https:\/\/apnotaire.com\/atfinance\/?page_id=1831"},"modified":"2023-01-05T10:44:52","modified_gmt":"2023-01-05T15:44:52","slug":"gestion-de-patrimoine","status":"publish","type":"page","link":"https:\/\/www.atfinance.ca\/fr\/services-strategie-financiere\/gestion-de-patrimoine\/","title":{"rendered":"Gestion de patrimoine"},"content":{"rendered":"<div class=\"fusion-fullwidth fullwidth-box fusion-builder-row-1 fusion-flex-container has-pattern-background has-mask-background nonhundred-percent-fullwidth non-hundred-percent-height-scrolling\" style=\"--awb-border-sizes-bottom:2px;--awb-border-color:var(--awb-color2);--awb-border-radius-top-left:0px;--awb-border-radius-top-right:0px;--awb-border-radius-bottom-right:0px;--awb-border-radius-bottom-left:0px;--awb-padding-top:80px;--awb-padding-bottom:205px;--awb-padding-top-medium:48px;--awb-padding-bottom-medium:100px;--awb-padding-top-small:0px;--awb-padding-bottom-small:100px;--awb-flex-wrap:wrap;\" ><div class=\"fusion-builder-row fusion-row fusion-flex-align-items-flex-start fusion-flex-justify-content-center fusion-flex-content-wrap\" style=\"max-width:1248px;margin-left: calc(-4% \/ 2 );margin-right: calc(-4% \/ 2 );\"><div class=\"fusion-layout-column fusion_builder_column fusion-builder-column-0 fusion_builder_column_3_5 3_5 fusion-flex-column\" style=\"--awb-bg-size:cover;--awb-width-large:60%;--awb-margin-top-large:0px;--awb-spacing-right-large:3.2%;--awb-margin-bottom-large:120px;--awb-spacing-left-large:3.2%;--awb-width-medium:75%;--awb-order-medium:0;--awb-spacing-right-medium:2.56%;--awb-margin-bottom-medium:30px;--awb-spacing-left-medium:2.56%;--awb-width-small:100%;--awb-order-small:0;--awb-spacing-right-small:1.92%;--awb-spacing-left-small:1.92%;\"><div class=\"fusion-column-wrapper fusion-column-has-shadow fusion-flex-justify-content-flex-start fusion-content-layout-column\"><div class=\"fusion-title title fusion-title-1 fusion-sep-none fusion-title-center fusion-title-text fusion-title-size-two\"><h2 class=\"fusion-title-heading title-heading-center\" style=\"margin:0;text-transform:none;\">Un accompagnement complet<\/h2><\/div><\/div><\/div><div class=\"fusion-layout-column fusion_builder_column fusion-builder-column-1 fusion_builder_column_1_2 1_2 fusion-flex-column\" style=\"--awb-bg-size:cover;--awb-width-large:50%;--awb-margin-top-large:0px;--awb-spacing-right-large:9.6%;--awb-margin-bottom-large:0px;--awb-spacing-left-large:3.84%;--awb-width-medium:50%;--awb-order-medium:0;--awb-spacing-right-medium:7.68%;--awb-spacing-left-medium:7.68%;--awb-width-small:100%;--awb-order-small:0;--awb-spacing-right-small:1.92%;--awb-margin-bottom-small:0px;--awb-spacing-left-small:1.92%;\"><div class=\"fusion-column-wrapper fusion-column-has-shadow fusion-flex-justify-content-flex-start fusion-content-layout-column\"><div class=\"fusion-content-boxes content-boxes columns row fusion-columns-1 fusion-columns-total-3 fusion-content-boxes-1 content-boxes-icon-on-side content-left services_box fusion-delayed-animation\" style=\"--awb-body-color:var(--awb-color7);--awb-title-color:var(--awb-color5);--awb-iconcolor:var(--awb-color4);--awb-margin-top:0px;--awb-margin-bottom:0px;--awb-hover-accent-color:var(--awb-color5);--awb-circle-hover-accent-color:transparent;--awb-item-margin-bottom:40px;\" data-animation-delay=\"500\" data-animationOffset=\"top-into-view\"><div style=\"--awb-backgroundcolor:rgba(255,255,255,0);--awb-iconcolor:var(--awb-color4);--awb-content-padding-left:60px;\" class=\"fusion-column content-box-column content-box-column content-box-column-1 col-lg-12 col-md-12 col-sm-12 fusion-content-box-hover content-box-column-last-in-row\"><div class=\"col content-box-wrapper content-wrapper link-area-link-icon content-icon-wrapper-yes icon-hover-animation-fade\" data-animationOffset=\"top-into-view\"><div class=\"heading heading-with-icon icon-left\"><div aria-hidden=\"true\" class=\"image\"><img decoding=\"async\" src=\"https:\/\/atfinance.ca\/wp-content\/uploads\/2022\/12\/assurances-icon.png\" width=\"40\" height=\"50.67\" alt=\"\" title=\"\"><\/div><h3 class=\"content-box-heading fusion-responsive-typography-calculated\" style=\"--h3_typography-font-size:27px;--fontSize:27;line-height:var(--awb-typography1-line-height);padding-left:60px;\">Protection du patrimoine<\/h3><\/div><div class=\"fusion-clearfix\"><\/div><div class=\"content-container\">\n<p>Ayez acc\u00e8s \u00e0 une large gamme de produits d\u2019assurance individuelle ou d\u2019entreprise adapt\u00e9s \u00e0 vos besoins et \u00e0 votre budget.<\/p>\n<\/div><\/div><\/div><div style=\"--awb-backgroundcolor:rgba(255,255,255,0);--awb-iconcolor:var(--awb-color4);--awb-content-padding-left:70px;\" class=\"fusion-column content-box-column content-box-column content-box-column-2 col-lg-12 col-md-12 col-sm-12 fusion-content-box-hover content-box-column-last-in-row\"><div class=\"col content-box-wrapper content-wrapper link-area-link-icon content-icon-wrapper-yes icon-hover-animation-fade\" data-animationOffset=\"top-into-view\"><div class=\"heading heading-with-icon icon-left\"><div aria-hidden=\"true\" class=\"image\"><img decoding=\"async\" src=\"https:\/\/atfinance.ca\/wp-content\/uploads\/2022\/12\/transfert-icon.png\" width=\"50\" height=\"42.5\" alt=\"\" title=\"\"><\/div><h3 class=\"content-box-heading fusion-responsive-typography-calculated\" style=\"--h3_typography-font-size:27px;--fontSize:27;line-height:var(--awb-typography1-line-height);padding-left:70px;\">Transfert de patrimoine<\/h3><\/div><div class=\"fusion-clearfix\"><\/div><div class=\"content-container\">\n<p>Planifiez un transfert harmonieux et optimal pour vos proches et les g\u00e9n\u00e9rations suivantes, afin d\u2019assurer leur avenir en toute tranquillit\u00e9.<\/p>\n<\/div><\/div><\/div><div style=\"--awb-backgroundcolor:rgba(255,255,255,0);--awb-iconcolor:var(--awb-color4);--awb-content-padding-left:70px;\" class=\"fusion-column content-box-column content-box-column content-box-column-3 col-lg-12 col-md-12 col-sm-12 fusion-content-box-hover content-box-column-last content-box-column-last-in-row\"><div class=\"col content-box-wrapper content-wrapper link-area-link-icon content-icon-wrapper-yes icon-hover-animation-fade\" data-animationOffset=\"top-into-view\"><div class=\"heading heading-with-icon icon-left\"><div aria-hidden=\"true\" class=\"image\"><img decoding=\"async\" src=\"https:\/\/atfinance.ca\/wp-content\/uploads\/2022\/12\/placement-icon.png\" width=\"50\" height=\"37.81\" alt=\"\" title=\"\"><\/div><h3 class=\"content-box-heading fusion-responsive-typography-calculated\" style=\"--h3_typography-font-size:27px;--fontSize:27;line-height:var(--awb-typography1-line-height);padding-left:70px;\">Gestion des placements<\/h3><\/div><div class=\"fusion-clearfix\"><\/div><div class=\"content-container\">\n<p>Soyez accompagn\u00e9 dans la gestion de votre patrimoine li\u00e9 \u00e0 l\u2019\u00e9pargne, comme vos placements en vue de la retraite ou destin\u00e9s \u00e0 d\u2019autres projets.<\/p>\n<\/div><\/div><\/div><div class=\"fusion-clearfix\"><\/div><\/div><\/div><\/div><div class=\"fusion-layout-column fusion_builder_column fusion-builder-column-2 fusion_builder_column_1_2 1_2 fusion-flex-column\" style=\"--awb-bg-size:cover;--awb-width-large:50%;--awb-margin-top-large:0px;--awb-spacing-right-large:3.84%;--awb-margin-bottom-large:0px;--awb-spacing-left-large:9.6%;--awb-width-medium:50%;--awb-order-medium:0;--awb-spacing-right-medium:7.68%;--awb-spacing-left-medium:7.68%;--awb-width-small:100%;--awb-order-small:0;--awb-spacing-right-small:1.92%;--awb-margin-bottom-small:0px;--awb-spacing-left-small:1.92%;\"><div class=\"fusion-column-wrapper fusion-column-has-shadow fusion-flex-justify-content-flex-start fusion-content-layout-column\"><div class=\"fusion-content-boxes content-boxes columns row fusion-columns-1 fusion-columns-total-3 fusion-content-boxes-2 content-boxes-icon-on-side content-left services_box fusion-delayed-animation\" style=\"--awb-body-color:var(--awb-color7);--awb-title-color:var(--awb-color5);--awb-iconcolor:var(--awb-color4);--awb-margin-top:0px;--awb-margin-bottom:0px;--awb-hover-accent-color:var(--awb-color5);--awb-circle-hover-accent-color:transparent;--awb-item-margin-bottom:40px;\" data-animation-delay=\"500\" data-animationOffset=\"top-into-view\"><div style=\"--awb-backgroundcolor:rgba(255,255,255,0);--awb-iconcolor:var(--awb-color4);--awb-content-padding-left:70px;\" class=\"fusion-column content-box-column content-box-column content-box-column-1 col-lg-12 col-md-12 col-sm-12 fusion-content-box-hover content-box-column-last-in-row\"><div class=\"col content-box-wrapper content-wrapper link-area-link-icon content-icon-wrapper-yes icon-hover-animation-fade\" data-animationOffset=\"top-into-view\"><div class=\"heading heading-with-icon icon-left\"><div aria-hidden=\"true\" class=\"image\"><img decoding=\"async\" src=\"https:\/\/atfinance.ca\/wp-content\/uploads\/2022\/12\/investissement-icon.png\" width=\"50\" height=\"39\" alt=\"\" title=\"\"><\/div><h3 class=\"content-box-heading fusion-responsive-typography-calculated\" style=\"--h3_typography-font-size:27px;--fontSize:27;line-height:var(--awb-typography1-line-height);padding-left:70px;\">Investissements<\/h3><\/div><div class=\"fusion-clearfix\"><\/div><div class=\"content-container\">\n<p>Faites fructifier vos avoirs gr\u00e2ce \u00e0 des investissements dans des fonds communs de placement, des fonds distincts, l\u2019immobilier ou des entreprises.<\/p>\n<\/div><\/div><\/div><div style=\"--awb-backgroundcolor:rgba(255,255,255,0);--awb-iconcolor:var(--awb-color4);--awb-content-padding-left:65px;\" class=\"fusion-column content-box-column content-box-column content-box-column-2 col-lg-12 col-md-12 col-sm-12 fusion-content-box-hover content-box-column-last-in-row\"><div class=\"col content-box-wrapper content-wrapper link-area-link-icon content-icon-wrapper-yes icon-hover-animation-fade\" data-animationOffset=\"top-into-view\"><div class=\"heading heading-with-icon icon-left\"><div aria-hidden=\"true\" class=\"image\"><img decoding=\"async\" src=\"https:\/\/atfinance.ca\/wp-content\/uploads\/2022\/12\/planification-fiscale-icon.png\" width=\"45\" height=\"50.4\" alt=\"\" title=\"\"><\/div><h3 class=\"content-box-heading fusion-responsive-typography-calculated\" style=\"--h3_typography-font-size:27px;--fontSize:27;line-height:var(--awb-typography1-line-height);padding-left:65px;\">Optimisation fiscale<\/h3><\/div><div class=\"fusion-clearfix\"><\/div><div class=\"content-container\">\n<p>Obtenez des conseils et des strat\u00e9gies pour tirer parti des principaux v\u00e9hicules fiscaux, comme le REEE, le REER et le CELI.<\/p>\n<\/div><\/div><\/div><div style=\"--awb-backgroundcolor:rgba(255,255,255,0);--awb-iconcolor:var(--awb-color4);--awb-content-padding-left:60px;\" class=\"fusion-column content-box-column content-box-column content-box-column-3 col-lg-12 col-md-12 col-sm-12 fusion-content-box-hover content-box-column-last content-box-column-last-in-row\"><div class=\"col content-box-wrapper content-wrapper link-area-link-icon content-icon-wrapper-yes icon-hover-animation-fade\" data-animationOffset=\"top-into-view\"><div class=\"heading heading-with-icon icon-left\"><div aria-hidden=\"true\" class=\"image\"><img decoding=\"async\" src=\"https:\/\/atfinance.ca\/wp-content\/uploads\/2022\/12\/projection-icon.png\" width=\"40\" height=\"42.4\" alt=\"\" title=\"\"><\/div><h3 class=\"content-box-heading fusion-responsive-typography-calculated\" style=\"--h3_typography-font-size:27px;--fontSize:27;line-height:var(--awb-typography1-line-height);padding-left:60px;\">Planification de la tr\u00e9sorerie<\/h3><\/div><div class=\"fusion-clearfix\"><\/div><div class=\"content-container\">D\u00e9terminez la mani\u00e8re la plus avis\u00e9e de g\u00e9rer vos liquidit\u00e9s \u00e0 court, \u00e0 moyen et \u00e0 long terme.<\/div><\/div><\/div><div class=\"fusion-clearfix\"><\/div><\/div><\/div><\/div><\/div><\/div>\n","protected":false},"excerpt":{"rendered":"","protected":false},"author":3,"featured_media":2588,"parent":1829,"menu_order":0,"comment_status":"closed","ping_status":"closed","template":"100-width.php","meta":{"footnotes":""},"class_list":["post-1831","page","type-page","status-publish","has-post-thumbnail","hentry"],"_links":{"self":[{"href":"https:\/\/www.atfinance.ca\/fr\/wp-json\/wp\/v2\/pages\/1831","targetHints":{"allow":["GET"]}}],"collection":[{"href":"https:\/\/www.atfinance.ca\/fr\/wp-json\/wp\/v2\/pages"}],"about":[{"href":"https:\/\/www.atfinance.ca\/fr\/wp-json\/wp\/v2\/types\/page"}],"author":[{"embeddable":true,"href":"https:\/\/www.atfinance.ca\/fr\/wp-json\/wp\/v2\/users\/3"}],"replies":[{"embeddable":true,"href":"https:\/\/www.atfinance.ca\/fr\/wp-json\/wp\/v2\/comments?post=1831"}],"version-history":[{"count":5,"href":"https:\/\/www.atfinance.ca\/fr\/wp-json\/wp\/v2\/pages\/1831\/revisions"}],"predecessor-version":[{"id":2654,"href":"https:\/\/www.atfinance.ca\/fr\/wp-json\/wp\/v2\/pages\/1831\/revisions\/2654"}],"up":[{"embeddable":true,"href":"https:\/\/www.atfinance.ca\/fr\/wp-json\/wp\/v2\/pages\/1829"}],"wp:featuredmedia":[{"embeddable":true,"href":"https:\/\/www.atfinance.ca\/fr\/wp-json\/wp\/v2\/media\/2588"}],"wp:attachment":[{"href":"https:\/\/www.atfinance.ca\/fr\/wp-json\/wp\/v2\/media?parent=1831"}],"curies":[{"name":"wp","href":"https:\/\/api.w.org\/{rel}","templated":true}]}}